{"id":74,"date":"2021-09-18T16:07:13","date_gmt":"2021-09-18T16:07:13","guid":{"rendered":"https:\/\/seo.pixelmarketing.eu\/?page_id=74"},"modified":"2021-09-18T16:07:13","modified_gmt":"2021-09-18T16:07:13","slug":"familie","status":"publish","type":"page","link":"https:\/\/was-wir-denken.de\/?page_id=74","title":{"rendered":"Familien"},"content":{"rendered":"<h3 class=\"wp-block-heading\"><strong>Lebensmodell Familie, vielf\u00e4ltig wie nie: Norm-, Mehrgenerations-, Regenbogen-, Patchwork-, Adoptions- Pflegefamilie, kinderlose Familien, Einzelerziehende, Kinder <\/strong>UND<strong> Karriere.<\/strong><\/h3>\n<div class=\"one_half_fluid\">\n<p><span style=\"color: #808080;\"><strong><span style=\"color: #99cc00;\"><strong><span style=\"color: #808080;\">FAMILIE<\/span> <\/strong><\/span>&#8211; ein eigenes Universum. Hier sollte sich jedes Mitglied angemessen entwickeln k\u00f6nnen, N\u00e4he, Vertrauen und Geborgenheit erfahren. F\u00fcr Kinder ist es elementar, hier ihre Kompetenzen &nbsp;zu erwerben.<\/strong><\/span><br \/>\n<strong> <span style=\"color: #609f9a;\"> <\/div>\n<p><\/span><\/strong><\/p>\n<div class=\"one_half_fluid last\">\n<p><span style=\"color: #808080;\"><strong>Aufgabenschwerpunkt der Familienberatung liegt in der Aktivierung und St\u00e4rkung der Ressourcen einer Familie. Gemeinsam erarbeiten wir alternative Handlungsm\u00f6glichkeiten und neue L\u00f6sungswege.<\/strong><\/span><br \/>\n<span style=\"color: #609f9a;\"> <\/div>\n<div class=\"clear\"><\/div>\n<p><\/span><\/p>\n<figure class=\"wp-block-image size-full\"><img loading=\"lazy\" decoding=\"async\" width=\"960\" height=\"370\" src=\"https:\/\/was-wir-denken.de\/wp-content\/uploads\/2021\/09\/was-wir-denken4.jpg\" alt=\"\" class=\"wp-image-75\" title=\"was-wir-denken\" srcset=\"https:\/\/was-wir-denken.de\/wp-content\/uploads\/2021\/09\/was-wir-denken4.jpg 960w, https:\/\/was-wir-denken.de\/wp-content\/uploads\/2021\/09\/was-wir-denken4-300x116.jpg 300w, https:\/\/was-wir-denken.de\/wp-content\/uploads\/2021\/09\/was-wir-denken4-768x296.jpg 768w\" sizes=\"auto, (max-width: 960px) 100vw, 960px\" \/><\/figure>\n<p><strong>\u201eGl\u00fcckliche Familien gleichen einander; jede ungl\u00fcckliche Familie jedoch ist auf ihre besondere Weise ungl\u00fccklich.&#8220; <\/strong>(Leo Tolstoi)<\/p>\n","protected":false},"excerpt":{"rendered":"<p>Lebensmodell Familie, vielf\u00e4ltig wie nie: Norm-, Mehrgenerations-, Regenbogen-, Patchwork-, Adoptions- Pflegefamilie, kinderlose Familien, Einzelerziehende, Kinder UND Karriere. \u201eGl\u00fcckliche Familien gleichen einander; jede ungl\u00fcckliche Familie jedoch ist auf ihre besondere Weise ungl\u00fccklich.&#8220; (Leo Tolstoi)<\/p>\n","protected":false},"author":1,"featured_media":0,"parent":64,"menu_order":0,"comment_status":"closed","ping_status":"closed","template":"","meta":{"ngg_post_thumbnail":0,"footnotes":""},"class_list":["post-74","page","type-page","status-publish","hentry"],"_links":{"self":[{"href":"https:\/\/was-wir-denken.de\/index.php?rest_route=\/wp\/v2\/pages\/74","targetHints":{"allow":["GET"]}}],"collection":[{"href":"https:\/\/was-wir-denken.de\/index.php?rest_route=\/wp\/v2\/pages"}],"about":[{"href":"https:\/\/was-wir-denken.de\/index.php?rest_route=\/wp\/v2\/types\/page"}],"author":[{"embeddable":true,"href":"https:\/\/was-wir-denken.de\/index.php?rest_route=\/wp\/v2\/users\/1"}],"replies":[{"embeddable":true,"href":"https:\/\/was-wir-denken.de\/index.php?rest_route=%2Fwp%2Fv2%2Fcomments&post=74"}],"version-history":[{"count":0,"href":"https:\/\/was-wir-denken.de\/index.php?rest_route=\/wp\/v2\/pages\/74\/revisions"}],"up":[{"embeddable":true,"href":"https:\/\/was-wir-denken.de\/index.php?rest_route=\/wp\/v2\/pages\/64"}],"wp:attachment":[{"href":"https:\/\/was-wir-denken.de\/index.php?rest_route=%2Fwp%2Fv2%2Fmedia&parent=74"}],"curies":[{"name":"wp","href":"https:\/\/api.w.org\/{rel}","templated":true}]}}