{"id":64,"date":"2021-09-18T16:03:54","date_gmt":"2021-09-18T16:03:54","guid":{"rendered":"https:\/\/seo.pixelmarketing.eu\/?page_id=64"},"modified":"2021-09-18T16:03:54","modified_gmt":"2021-09-18T16:03:54","slug":"beratung","status":"publish","type":"page","link":"https:\/\/was-wir-denken.de\/?page_id=64","title":{"rendered":"Beratung"},"content":{"rendered":"<div class=\"one_half_fluid\">\n<img loading=\"lazy\" decoding=\"async\" src=\"https:\/\/was-wir-denken.de\/wp-content\/uploads\/2021\/09\/was-wir-denken-I-Marina-Biene3-436x450-1.jpg\" alt=\"\" title=\"Marina Biene I was wir denken\" width=\"436\" height=\"450\" class=\"alignnone size-medium wp-image-3682\" \/>\n<\/div>\n<div class=\"one_half_fluid last\">\n&nbsp;<br \/>\n&nbsp;<\/p>\n<h2>WAS BERATUNG IST.<\/h2>\n<p>Ein Prozess der Begleitung von Menschen mit unterschiedlichen Problemen, Lebensfragen und Krisen.<br \/>\nDabei arbeitet Beratung \u00e4hnlich wie Therapie mit Gespr\u00e4chen, die nach unterschiedlichen methodischen Ans\u00e4tzen gef\u00fchrt werden.<br \/>\nIn der Beratung geht man jedoch nicht von vornherein von einer seelischen Erkrankung aus.<br \/>\nVielmehr arbeitet Beratung am aktuellen Konflikt und m\u00f6chte auch vorbeugend wirken.<\/p>\n<\/div>\n<div class=\"clear\"><\/div>\n","protected":false},"excerpt":{"rendered":"","protected":false},"author":1,"featured_media":0,"parent":0,"menu_order":0,"comment_status":"closed","ping_status":"closed","template":"","meta":{"ngg_post_thumbnail":0,"footnotes":""},"class_list":["post-64","page","type-page","status-publish","hentry"],"_links":{"self":[{"href":"https:\/\/was-wir-denken.de\/index.php?rest_route=\/wp\/v2\/pages\/64","targetHints":{"allow":["GET"]}}],"collection":[{"href":"https:\/\/was-wir-denken.de\/index.php?rest_route=\/wp\/v2\/pages"}],"about":[{"href":"https:\/\/was-wir-denken.de\/index.php?rest_route=\/wp\/v2\/types\/page"}],"author":[{"embeddable":true,"href":"https:\/\/was-wir-denken.de\/index.php?rest_route=\/wp\/v2\/users\/1"}],"replies":[{"embeddable":true,"href":"https:\/\/was-wir-denken.de\/index.php?rest_route=%2Fwp%2Fv2%2Fcomments&post=64"}],"version-history":[{"count":0,"href":"https:\/\/was-wir-denken.de\/index.php?rest_route=\/wp\/v2\/pages\/64\/revisions"}],"wp:attachment":[{"href":"https:\/\/was-wir-denken.de\/index.php?rest_route=%2Fwp%2Fv2%2Fmedia&parent=64"}],"curies":[{"name":"wp","href":"https:\/\/api.w.org\/{rel}","templated":true}]}}