{"id":54,"date":"2021-09-18T15:56:29","date_gmt":"2021-09-18T15:56:29","guid":{"rendered":"https:\/\/seo.pixelmarketing.eu\/?page_id=54"},"modified":"2021-10-13T07:54:31","modified_gmt":"2021-10-13T07:54:31","slug":"mensch-i-hund","status":"publish","type":"page","link":"https:\/\/was-wir-denken.de\/?page_id=54","title":{"rendered":"Mensch I HUND"},"content":{"rendered":"<pre class=\"wp-block-code\"><code>&lt;li&gt;&lt;h3&gt;&lt;span style=\"color: #999999;\"&gt;&lt;strong&gt;Aufstellungen&amp;nbsp;&lt;\/strong&gt;TEAM Mensch&lt;strong&gt; I &lt;\/strong&gt;HUND&lt;strong&gt; : &lt;\/strong&gt;Stellen F\u00fchlen Erkennen &lt;strong&gt;L\u00d6SEN&lt;\/strong&gt;&lt;\/span&gt;&lt;\/h3&gt;<\/code><\/pre>\n<div class=\"one_half_fluid\">\n<p>Jeder bekommt den Hund, den er braucht &#8211; da ist viel Wahres dran. Wer dies f\u00fcr sich und die Zeichen dazu erkennt, kann viel l\u00f6sen, oftmals schon im Kleinen. Tiere l\u00f6sen etwas in uns aus, womit wir in Resonanz gehen. Selten entscheiden wir uns auf kognitiver Ebene, sondern vielmehr intuitiv f\u00fcr einen Hund. Der soll es dann sein und kein anderer &#8211; die meisten Hundehalter kennen dieses Gef\u00fchl. Warum genau, l\u00e4sst sich selten auf Anhieb benennen, sondern oftmals erst r\u00fcckblickend erkennen.<br \/>\nF\u00fcr viele Menschen sind ihre Hunde gleichwertige Familienmitglieder. Hunde \u00fcbernehmen wichtige soziale Funktionen und Aufgaben, manchmal sind sie sogar Ersatzpartner oder -kind. An dieser Stelle \u00fcbernehmen sie oft emotionale Lasten ihrer Menschen und werden &#8218;verhaltensauff\u00e4llig&#8216;.<br \/>\nAufstellungsarbeit ist eine l\u00f6sungsorientierte, vor allem aber auch emotionale Gelegenheit, mit seinem Hund nochmals ganz anders in Kontakt zu treten und Ver\u00e4nderungsprozesse anzusto\u00dfen.<br \/>\nWir wissen, dass Hunde als sehr soziale Wesen, negative und positive Gef\u00fchle von uns Menschen erkennen und unterscheiden k\u00f6nnen, mit einer gro\u00dfen F\u00e4higkeit zur Empathie &#8211; dementsprechend auch auf Situationen in ihrem (Menschen)Rudel reagieren. Die Verbindung der Seelen von Mensch und Tier kann sehr tief sein, oftmals spiegeln Hunde unser Innenleben und zeigen damit auch einen Weg zum selbigen auf.<br \/>\nHunde f\u00fchlen sich stark mit uns verbunden, sind loyal und so bleibt es nicht aus, dass die seelischen Aspekte des Menschen (wie z.B. chronischer Stress) das Wohlbefinden, die Gesundheit eines Hundes beeinflussen. Ebenso, wie bei uns Menschen selbst (siehe Psychosomatik).<br \/>\nSo ist logischerweise nicht jedes &#8218;Fehl&#8217;verhalten des Hundes in ihm selbst begr\u00fcndet, sondern in seinem Familiensystem, Rudel, in uns Menschen &#8211; es sollte dann auch in diesem Kontext betrachtet und gel\u00f6st werden. Durch ihr Verhalten zeigen sie lediglich auf, dass etwas nicht stimmt. Vergleichbar mit der Funktion eines Seismographen, der bereits ganz leichte Schwingungen aufzuzeichnen vermag oder auch bei Kindern ist zu beobachten, dass sie aufgrund ihrer ungefilterten Sensibilit\u00e4t sich h\u00e4ufig als Symptomtr\u00e4ger eines Systems kristallisieren.<br \/>\nBereits kleine Korrekturen k\u00f6nnen an dieser Stelle Gro\u00dfes bewirken. Aufstellungsarbeit ist ein gro\u00dfartiges Werkzeug, Schwachstellen eines Systems aufzuzeigen. Nicht zu verwechseln mit Schuld, darum geht es nicht. Es geht ums Hinschauen und Annehmen.<br \/>\nThemen zum Aufstellen sind so vielf\u00e4ltig, wie wir Menschen selbst:<\/p>\n<ul>\n<li>Sorgen um den \u00e4lteren Hund. Oftmals machen sich Hundemenschen viele Gedanken, wenn der Hund im Alter ruhiger wir, ist er gar depressiv?<\/li>\n<li>Rudelzusammenf\u00fchrungen bzw. Trennungen oder andere Ver\u00e4nderungen der Lebensumst\u00e4nde<\/li>\n<li>Verhaltens&#8217;auff\u00e4lligkeiten&#8216; jeder Art<\/li>\n<li>Unsicherheiten im Umgang mit dem eigenen Hund<\/li>\n<li>Unterst\u00fctzung bei Trauerprozessen<br \/>\noder einfach nur einmal auf einem anderen Wege mit seinem Hund in Kontakt treten wollen<\/li>\n<\/ul>\n<p><strong>Ablauf: <\/strong><\/p>\n<p>Der Hund muss nicht dabei sein. Wie bei Aufstellungsarbeit \u00fcblich, wird das eigene System mit Stellvertretern (anderen Teilnehmern) aufgestellt. Diese werden zueinander in Beziehung gestellt. So entsteht ein Abbild des inneren Bildes, des Aufstellers. Hieraus lassen sich deutlich Problemstellungen und L\u00f6sungsans\u00e4tze herleiten. Durch von mir geleitete Interaktionen der Stellvertreter und z.B. auch deren r\u00e4umliche Umstellungen, wird ein L\u00f6sungsbild sichtbar.<\/p>\n<p>Weitere Informationen direkt hier unter <a href=\"https:\/\/was-wir-denken.de\/?page_id=48\" target=\"_blank\" rel=\"noopener\"><strong>Aufstellungen<\/strong><\/a> und <a href=\"https:\/\/was-wir-denken.de\/?page_id=51\/\" target=\"_blank\" rel=\"noopener\"><strong>Familienstellen<\/strong><\/a>. Wer sich so \u00fcberhaupt nichts darunter vorstellen kann, bzw. bislang noch keine Erfahrungen mit Aufstellungsarbeit gemacht hat, mag sich vielleicht zur Veranschaulichung Videos bei YouTube ansehen.<\/p>\n<p>Pers\u00f6nliche Eindr\u00fccke \u00fcber mich, als Hundemenschen, finden sich hier, auf <a href=\"https:\/\/www.mein-hundealltag.de\" target=\"_blank\" rel=\"noopener\"><strong>meinem Hundealltag<\/strong><\/a>.\n<\/div>\n<div class=\"one_half_fluid last\">\n<p><img loading=\"lazy\" decoding=\"async\" src=\"https:\/\/was-wir-denken.de\/wp-content\/uploads\/2021\/09\/JF2F4747-2.jpg\" alt=\"\" title=\"marina biene\" width=\"450\" height=\"405\" class=\"alignnone size-full wp-image-5215\"><\/p>\n<p><img loading=\"lazy\" decoding=\"async\" src=\"https:\/\/was-wir-denken.de\/wp-content\/uploads\/2021\/09\/JF2F77081.jpg\" alt=\"\" title=\"marina biene\" width=\"450\" height=\"473\" class=\"alignnone size-full wp-image-5220\"><\/p>\n<p><img loading=\"lazy\" decoding=\"async\" src=\"https:\/\/was-wir-denken.de\/wp-content\/uploads\/2021\/09\/JF2F8356.jpg\" alt=\"\" title=\"marina biene\" width=\"450\" height=\"389\" class=\"alignnone size-full wp-image-5222\"><\/p>\n<p>\ud83d\ude09 der Sessel hat angefangen, ich schw\u00f6r!<br \/>\n<img loading=\"lazy\" decoding=\"async\" class=\"alignnone size-medium wp-image-2008\" title=\"\" src=\"https:\/\/was-wir-denken.de\/wp-content\/uploads\/2021\/09\/Fotolia_1068800_S1-450x450-1.jpg\" alt=\"\" width=\"450\" height=\"450\">\n<\/div>\n<div class=\"clear\"><\/div><\/p>\n","protected":false},"excerpt":{"rendered":"","protected":false},"author":1,"featured_media":0,"parent":48,"menu_order":0,"comment_status":"closed","ping_status":"closed","template":"","meta":{"ngg_post_thumbnail":0,"footnotes":""},"class_list":["post-54","page","type-page","status-publish","hentry"],"_links":{"self":[{"href":"https:\/\/was-wir-denken.de\/index.php?rest_route=\/wp\/v2\/pages\/54","targetHints":{"allow":["GET"]}}],"collection":[{"href":"https:\/\/was-wir-denken.de\/index.php?rest_route=\/wp\/v2\/pages"}],"about":[{"href":"https:\/\/was-wir-denken.de\/index.php?rest_route=\/wp\/v2\/types\/page"}],"author":[{"embeddable":true,"href":"https:\/\/was-wir-denken.de\/index.php?rest_route=\/wp\/v2\/users\/1"}],"replies":[{"embeddable":true,"href":"https:\/\/was-wir-denken.de\/index.php?rest_route=%2Fwp%2Fv2%2Fcomments&post=54"}],"version-history":[{"count":1,"href":"https:\/\/was-wir-denken.de\/index.php?rest_route=\/wp\/v2\/pages\/54\/revisions"}],"predecessor-version":[{"id":265,"href":"https:\/\/was-wir-denken.de\/index.php?rest_route=\/wp\/v2\/pages\/54\/revisions\/265"}],"up":[{"embeddable":true,"href":"https:\/\/was-wir-denken.de\/index.php?rest_route=\/wp\/v2\/pages\/48"}],"wp:attachment":[{"href":"https:\/\/was-wir-denken.de\/index.php?rest_route=%2Fwp%2Fv2%2Fmedia&parent=54"}],"curies":[{"name":"wp","href":"https:\/\/api.w.org\/{rel}","templated":true}]}}