{"id":48,"date":"2021-09-18T15:52:41","date_gmt":"2021-09-18T15:52:41","guid":{"rendered":"https:\/\/seo.pixelmarketing.eu\/?page_id=48"},"modified":"2021-10-13T07:49:57","modified_gmt":"2021-10-13T07:49:57","slug":"aufstellungen","status":"publish","type":"page","link":"https:\/\/was-wir-denken.de\/?page_id=48","title":{"rendered":"Aufstellungen"},"content":{"rendered":"<div class=\"one_half_fluid\">\n<p><strong>Aufstellungsarbeit <\/strong>ist in vielen therapeutischen und wirtschaftlichen Bereichen mittlerweile Usus und nicht mehr wegzudenken wenn es darum geht, L\u00f6sungen zu finden, Ordnungen wieder herzustellen, Verstrickungen oder Disharmonien im Au\u00dfen und Innen zu kl\u00e4ren.<br \/>\nAufstellungen sind eine r\u00e4umliche Darstellung des betroffenen Systems. Die Wahrnehmungen der Stell- Vertreter geben Hinweise auf verborgene Ursachen von St\u00f6rungen, \u00fcbersehene Konflikte und auf Ressourcen.<\/p>\n<\/div>\n<div class=\"one_half_fluid last\">\n<p>Aufstellungsarbeit ist ein tolles Werkzeug um Zugang zu intuitivem Wissen zu erhalten &#8211; wie ein \u201ebildgebendes Verfahren&#8220; in der Medizin. Sie bieten einen Ausgangspunkt, von dem aus man mit den erhaltenen Informationen weiterarbeiten kann. Grunds\u00e4tzlich sind alle Bereiche und Systeme des Lebens &#8222;aufstellbar&#8220;. Im Vorgespr\u00e4ch l\u00e4sst sich kl\u00e4ren, welche Form von Arbeit f\u00fcr Ihre individuelle Situation geeignet ist. <strong>Stellen &#8211; F\u00fchlen &#8211; Erkennen &#8211; L\u00f6sen<\/strong>\n<\/div>\n<div class=\"clear\"><\/div>\n<figure class=\"wp-block-image size-full\"><img loading=\"lazy\" decoding=\"async\" width=\"960\" height=\"373\" src=\"https:\/\/was-wir-denken.de\/wp-content\/uploads\/2021\/09\/was-wir-denken9-960x373-1.jpeg\" alt=\"\" class=\"wp-image-49\" title=\"was wir denken\" srcset=\"https:\/\/was-wir-denken.de\/wp-content\/uploads\/2021\/09\/was-wir-denken9-960x373-1.jpeg 960w, https:\/\/was-wir-denken.de\/wp-content\/uploads\/2021\/09\/was-wir-denken9-960x373-1-300x117.jpeg 300w, https:\/\/was-wir-denken.de\/wp-content\/uploads\/2021\/09\/was-wir-denken9-960x373-1-768x298.jpeg 768w\" sizes=\"auto, (max-width: 960px) 100vw, 960px\" \/><\/figure>\n<p>Nach Ansicht des Vorstandes des DGSF gelten zur Aus\u00fcbung dieser Methode folgende<a href=\"https:\/\/was-wir-denken.de\/?page_id=132\" data-type=\"URL\" data-id=\"https:\/\/was-wir-denken.de\/?page_id=132\" target=\"_blank\" rel=\"noreferrer noopener\"> Bedingungen >>><\/a><br \/>Dies sind auch die Leitlinien meiner Aufstellungsarbeit.<\/p>\n","protected":false},"excerpt":{"rendered":"<p>Nach Ansicht des Vorstandes des DGSF gelten zur Aus\u00fcbung dieser Methode folgende Bedingungen >>>Dies sind auch die Leitlinien meiner Aufstellungsarbeit.<\/p>\n","protected":false},"author":1,"featured_media":0,"parent":0,"menu_order":0,"comment_status":"closed","ping_status":"closed","template":"","meta":{"ngg_post_thumbnail":0,"footnotes":""},"class_list":["post-48","page","type-page","status-publish","hentry"],"_links":{"self":[{"href":"https:\/\/was-wir-denken.de\/index.php?rest_route=\/wp\/v2\/pages\/48","targetHints":{"allow":["GET"]}}],"collection":[{"href":"https:\/\/was-wir-denken.de\/index.php?rest_route=\/wp\/v2\/pages"}],"about":[{"href":"https:\/\/was-wir-denken.de\/index.php?rest_route=\/wp\/v2\/types\/page"}],"author":[{"embeddable":true,"href":"https:\/\/was-wir-denken.de\/index.php?rest_route=\/wp\/v2\/users\/1"}],"replies":[{"embeddable":true,"href":"https:\/\/was-wir-denken.de\/index.php?rest_route=%2Fwp%2Fv2%2Fcomments&post=48"}],"version-history":[{"count":1,"href":"https:\/\/was-wir-denken.de\/index.php?rest_route=\/wp\/v2\/pages\/48\/revisions"}],"predecessor-version":[{"id":262,"href":"https:\/\/was-wir-denken.de\/index.php?rest_route=\/wp\/v2\/pages\/48\/revisions\/262"}],"wp:attachment":[{"href":"https:\/\/was-wir-denken.de\/index.php?rest_route=%2Fwp%2Fv2%2Fmedia&parent=48"}],"curies":[{"name":"wp","href":"https:\/\/api.w.org\/{rel}","templated":true}]}}