{"id":176,"date":"2021-09-18T17:16:53","date_gmt":"2021-09-18T17:16:53","guid":{"rendered":"https:\/\/seo.pixelmarketing.eu\/?page_id=176"},"modified":"2021-09-18T17:16:53","modified_gmt":"2021-09-18T17:16:53","slug":"methoden","status":"publish","type":"page","link":"https:\/\/was-wir-denken.de\/?page_id=176","title":{"rendered":"systemisch"},"content":{"rendered":"<div class=\"one_half_fluid\">\n<p><strong>Systemische Beratung <\/strong>ist ein eigenst\u00e4ndiges, wissenschaftlich fundiertes Verfahren mit einer Vielzahl von Methoden. Sie basiert auf unterschiedlichen Konzepten der Familientherapie und wird gleichsam effektiv bei Einzel-, Paar- &nbsp;und Organisationsberatung angewandt.<\/p>\n<p>Systemisches Denken denkt sich den Menschen &nbsp;als Teil eines sozialen Geflechtes welches er permanent beeinflusst und von welchem er auch selbst st\u00e4ndig beeinflusst wird &#8211; ein Denkansatz, der Menschen immer als eingebunden in verschiedenen Kommunikations- &amp; Deutungssystemen betrachtet und Probleme als Bew\u00e4ltigungsstrategien begreift. Praktisch bedeutet dies, dass im Gespr\u00e4ch nicht nur die eigene Person mit einbezogen wird, sondern auch deren Umfeld (Familie, Freunde, Arbeitswelt) im Blick behalten wird.<\/p>\n<p><img loading=\"lazy\" decoding=\"async\" class=\"alignnone size-full wp-image-3608\" title=\"Marina Biene 1\" src=\"https:\/\/was-wir-denken.de\/wp-content\/uploads\/2021\/09\/Marina-Biene-1.jpg\" alt=\"\" width=\"450\" height=\"300\" \/><\/p>\n<p><img loading=\"lazy\" decoding=\"async\" class=\"alignnone size-full wp-image-3609\" title=\"Marina Biene 2\" src=\"https:\/\/was-wir-denken.de\/wp-content\/uploads\/2021\/09\/Marina-Biene-2.jpg\" alt=\"\" width=\"450\" height=\"300\" \/><\/p>\n<p><img loading=\"lazy\" decoding=\"async\" class=\"alignnone size-full wp-image-3610\" title=\"Marina Biene 3\" src=\"https:\/\/was-wir-denken.de\/wp-content\/uploads\/2021\/09\/Marina-Biene-3-1.jpeg\" alt=\"\" width=\"450\" height=\"321\" \/><\/p>\n<\/div>\n<div class=\"one_half_fluid last\">\n<p>THEORIE I PRAXIS<br \/>\n<img loading=\"lazy\" decoding=\"async\" class=\"alignnone size-full wp-image-3612\" title=\"was-wir-denken\" src=\"https:\/\/was-wir-denken.de\/wp-content\/uploads\/2021\/09\/was-wir-denken.jpeg\" alt=\"\" width=\"450\" height=\"337\" \/><\/p>\n<h3><\/h3>\n<p>Meine Arbeit und Haltung ist durch Wertsch\u00e4tzung und Neugier f\u00fcr Menschen in ihren Lebens- und Arbeitsr\u00e4umen gekennzeichnet.<\/p>\n<p>Ich arbeite mit den Bildern, die sich Menschen von ihrer sozialen Wirklichkeit geschaffen haben &#8211; diese pr\u00e4gen ihre Wahrnehmung, ihr Empfinden und Denken, ihre Bewertungen und ihr Verhalten.<br \/>\nMein systemischer Arbeitsansatz ist vorwiegend l\u00f6sungsorientiert. Durch individuelle Gespr\u00e4chs-, Fragetechniken und erlebnisorientierten \u00dcbungen ist es mir m\u00f6glich, den f\u00fcr Sie passenden L\u00f6sungskontext zu schaffen, einen Rahmen, in dem L\u00f6sungen denken m\u00f6glich ist.<\/p>\n<p><strong>Ziele meiner Arbeit<\/strong><\/p>\n<ul>\n<li>Denk- und Handlungsmuster zu verdeutlichen<\/li>\n<li>Ressourcen aufzuzeigen<\/li>\n<li>mit Ihnen L\u00f6sungen und Wege zu erarbeiten<\/li>\n<li>pers\u00f6nliches Wachstum f\u00f6rdern<\/li>\n<li>Entscheidungsprozesse zu begleiten<\/li>\n<li>Handlungsspielr\u00e4ume erweitern<\/li>\n<li>oder auch annehmen k\u00f6nnen, was ist.<\/li>\n<\/ul>\n<p>Manchmal erlauben wir uns einen Schritt in die Ver\u00e4nderung erst, wenn ein Thema aus der Vergangenheit gel\u00f6st ist. Oft m\u00fcssen erst gegenw\u00e4rtige Probleme gel\u00f6st werden. Ich arbeite in beiden Bereichen und beginne dort, wo das st\u00e4rkste Ver\u00e4nderungspotenzial liegt.<\/p>\n<p><span style=\"color: #808080;\"><strong>\u201eDas Problem ist nicht das Problem. Das problematische am Problem ist die Art, wie versucht wird, es zu bew\u00e4ltigen.&#8220;<\/strong> <\/span>Virginia Satir<\/p>\n<p><span style=\"color: #808080;\"><strong>\u201cWeisheit bedeutet zu wissen, was man zum Gl\u00fcck nicht mehr braucht.&#8220;<\/strong> <\/span>Peter Steiner\n<\/div>\n<div class=\"clear\"><\/div>\n","protected":false},"excerpt":{"rendered":"","protected":false},"author":1,"featured_media":0,"parent":174,"menu_order":0,"comment_status":"closed","ping_status":"closed","template":"","meta":{"ngg_post_thumbnail":0,"footnotes":""},"class_list":["post-176","page","type-page","status-publish","hentry"],"_links":{"self":[{"href":"https:\/\/was-wir-denken.de\/index.php?rest_route=\/wp\/v2\/pages\/176","targetHints":{"allow":["GET"]}}],"collection":[{"href":"https:\/\/was-wir-denken.de\/index.php?rest_route=\/wp\/v2\/pages"}],"about":[{"href":"https:\/\/was-wir-denken.de\/index.php?rest_route=\/wp\/v2\/types\/page"}],"author":[{"embeddable":true,"href":"https:\/\/was-wir-denken.de\/index.php?rest_route=\/wp\/v2\/users\/1"}],"replies":[{"embeddable":true,"href":"https:\/\/was-wir-denken.de\/index.php?rest_route=%2Fwp%2Fv2%2Fcomments&post=176"}],"version-history":[{"count":0,"href":"https:\/\/was-wir-denken.de\/index.php?rest_route=\/wp\/v2\/pages\/176\/revisions"}],"up":[{"embeddable":true,"href":"https:\/\/was-wir-denken.de\/index.php?rest_route=\/wp\/v2\/pages\/174"}],"wp:attachment":[{"href":"https:\/\/was-wir-denken.de\/index.php?rest_route=%2Fwp%2Fv2%2Fmedia&parent=176"}],"curies":[{"name":"wp","href":"https:\/\/api.w.org\/{rel}","templated":true}]}}