{"id":174,"date":"2021-09-18T17:14:27","date_gmt":"2021-09-18T17:14:27","guid":{"rendered":"https:\/\/seo.pixelmarketing.eu\/?page_id=174"},"modified":"2023-06-28T15:48:34","modified_gmt":"2023-06-28T15:48:34","slug":"wie-ich-arbeite","status":"publish","type":"page","link":"https:\/\/was-wir-denken.de\/?page_id=174","title":{"rendered":"wie ich arbeite"},"content":{"rendered":"<p><div class=\"one_half_fluid\">\n<strong><br \/>\n<\/strong><\/p>\n<h3><strong>Vor allem lege ich beim Erfassen Ihres Anliegens sehr viel Wert auf ein intensives Erstgespr\u00e4ch. Schon alleine mit diesem wird, erfahrungsgem\u00e4\u00df, nichts mehr sein, wie es vorher war. Jedem pers\u00f6nlichen Gespr\u00e4ch geht ein &#8222;Kennenlern-Telefonat&#8220; voraus.<\/strong><br \/>\n<\/h3>\n<h3><strong><\/p>\n<\/div>\n<p><\/strong><\/h3>\n<p>.<br \/>\nLeistungen und Preise finden Sie unter dem Reiter Hypnose. Vielen Dank.<\/p>\n","protected":false},"excerpt":{"rendered":"","protected":false},"author":1,"featured_media":0,"parent":0,"menu_order":0,"comment_status":"closed","ping_status":"closed","template":"","meta":{"ngg_post_thumbnail":0,"footnotes":""},"class_list":["post-174","page","type-page","status-publish","hentry"],"_links":{"self":[{"href":"https:\/\/was-wir-denken.de\/index.php?rest_route=\/wp\/v2\/pages\/174","targetHints":{"allow":["GET"]}}],"collection":[{"href":"https:\/\/was-wir-denken.de\/index.php?rest_route=\/wp\/v2\/pages"}],"about":[{"href":"https:\/\/was-wir-denken.de\/index.php?rest_route=\/wp\/v2\/types\/page"}],"author":[{"embeddable":true,"href":"https:\/\/was-wir-denken.de\/index.php?rest_route=\/wp\/v2\/users\/1"}],"replies":[{"embeddable":true,"href":"https:\/\/was-wir-denken.de\/index.php?rest_route=%2Fwp%2Fv2%2Fcomments&post=174"}],"version-history":[{"count":7,"href":"https:\/\/was-wir-denken.de\/index.php?rest_route=\/wp\/v2\/pages\/174\/revisions"}],"predecessor-version":[{"id":314,"href":"https:\/\/was-wir-denken.de\/index.php?rest_route=\/wp\/v2\/pages\/174\/revisions\/314"}],"wp:attachment":[{"href":"https:\/\/was-wir-denken.de\/index.php?rest_route=%2Fwp%2Fv2%2Fmedia&parent=174"}],"curies":[{"name":"wp","href":"https:\/\/api.w.org\/{rel}","templated":true}]}}