{"id":170,"date":"2021-09-18T17:14:01","date_gmt":"2021-09-18T17:14:01","guid":{"rendered":"https:\/\/seo.pixelmarketing.eu\/?page_id=170"},"modified":"2023-12-28T19:15:55","modified_gmt":"2023-12-28T19:15:55","slug":"berufliches","status":"publish","type":"page","link":"https:\/\/was-wir-denken.de\/?page_id=170","title":{"rendered":"meine Ausbildung"},"content":{"rendered":"<div class=\"one_half_fluid\">\n<h3><strong>Ausbildungen und Abschl\u00fcsse<\/strong>:<\/h3>\n<ul>\n<li>seit 2017: Ausbildung zum gro\u00dfen Heilpraktiker,<br \/>\nParacelsus Schulen (Schwerpunkte: Akupunktur, Hom\u00f6opathie)<\/li>\n<li>zertifizierte Hypnosetherapeutin\/ Hypnosecoach<\/li>\n<li>staatlich gepr\u00fcfte Heilpraktikerin f\u00fcr &nbsp;Psychotherapie&nbsp;(Gesundheitsamt Dortmund)<\/li>\n<li>ausgebildete Mitarbeiterin der Telefonseelsorge<br \/>\n(2 Jahre Ausbildung mit fortlaufenden Supervisionen)<\/li>\n<li>Therapeutin der Individualsynthese\u00ae &nbsp;Familien- und Organisationsstellen (3 Jahre Ausbildung, 1.5 Jahre Praktikumsarbeit, fortlaufende Supervisionen )<\/li>\n<li>Seminarleiterin Autogenes Training (12 w\u00f6chige Ausbildung)<\/li>\n<li>2010 bis 2012 Ausbildung zur systemischen Einzel-, Paar- und Familientherapeutin<\/li>\n<li>2006 bis 2009 Ausbildung zur Heilpraktikerin f\u00fcr Psychotherapie, Paracelsus Schulen<\/li>\n<li>12 Jahre Chef-Assistentin, davor kaufm\u00e4nnische Ausbildung, Abitur, Grundschule, Kindergarten<\/li>\n<\/ul>\n<\/div>\n<div class=\"one_half_fluid last\">\n<\/div>\n<div class=\"clear\"><\/div>\n<\/p>\n<p>Mir ist es wichtig, die Qualit\u00e4t meiner Arbeit zu sichern und zu erweitern. Vor diesem Hintergrund nehme ich regelm\u00e4\u00dfig an Fachfortbildungen (zu denen ich gesetzlich auch verpflichtet bin), Supervisionen und kollegialem Austausch teil.<\/p>\n<h3 class=\"wp-block-heading\"><strong>Fachfortbildungen:<\/strong><\/h3>\n<p>Aufstellungen mit dem Systembrett<\/p>\n<p>Verhaltenstherapeutische Interventionen<\/p>\n<p>NLP &#8211; Neurolinguistisches Programmieren<\/p>\n<p>Klientenzentrierte Gespr\u00e4chsf\u00fchrung nach Rogers<\/p>\n<p>Provokative Gespr\u00e4chsf\u00fchrung bei Frank Farrelly<\/p>\n<p>TZI &#8211; Themenzentrierte Interaktion<\/p>\n<p>Salutogenese<\/p>\n<p>Umgang mit Aggressionen und Gewalt<\/p>\n<p>Kybernetische und strukturelle Denkmodelle, konstruktivistische Theorien<\/p>\n<p>Gender und Diversitiy<\/p>\n<p>Geschlechterforschung<\/p>\n<p>Innere Achtsamkeit\/ Focusing<\/p>\n<figure class=\"wp-block-image size-full\"><img loading=\"lazy\" decoding=\"async\" width=\"600\" height=\"428\" src=\"https:\/\/was-wir-denken.de\/wp-content\/uploads\/2021\/09\/JF2F8286-4.jpg\" alt=\"\" class=\"wp-image-172\" title=\"marina biene\" srcset=\"https:\/\/was-wir-denken.de\/wp-content\/uploads\/2021\/09\/JF2F8286-4.jpg 600w, https:\/\/was-wir-denken.de\/wp-content\/uploads\/2021\/09\/JF2F8286-4-300x214.jpg 300w\" sizes=\"auto, (max-width: 600px) 100vw, 600px\" \/><\/figure>\n<p>Freude ist die einfachste Form der Dankbarkeit.<br \/>[Karl Bath]<br \/>&nbsp;<\/p>\n","protected":false},"excerpt":{"rendered":"<p>Mir ist es wichtig, die Qualit\u00e4t meiner Arbeit zu sichern und zu erweitern. Vor diesem Hintergrund nehme ich regelm\u00e4\u00dfig an Fachfortbildungen (zu denen ich gesetzlich auch verpflichtet bin), Supervisionen und kollegialem Austausch teil. Fachfortbildungen: Aufstellungen mit dem Systembrett Verhaltenstherapeutische Interventionen NLP &#8211; Neurolinguistisches Programmieren Klientenzentrierte Gespr\u00e4chsf\u00fchrung nach Rogers Provokative Gespr\u00e4chsf\u00fchrung bei Frank Farrelly TZI &#8211; [&hellip;]<\/p>\n","protected":false},"author":1,"featured_media":0,"parent":167,"menu_order":0,"comment_status":"closed","ping_status":"closed","template":"","meta":{"ngg_post_thumbnail":0,"footnotes":""},"class_list":["post-170","page","type-page","status-publish","hentry"],"_links":{"self":[{"href":"https:\/\/was-wir-denken.de\/index.php?rest_route=\/wp\/v2\/pages\/170","targetHints":{"allow":["GET"]}}],"collection":[{"href":"https:\/\/was-wir-denken.de\/index.php?rest_route=\/wp\/v2\/pages"}],"about":[{"href":"https:\/\/was-wir-denken.de\/index.php?rest_route=\/wp\/v2\/types\/page"}],"author":[{"embeddable":true,"href":"https:\/\/was-wir-denken.de\/index.php?rest_route=\/wp\/v2\/users\/1"}],"replies":[{"embeddable":true,"href":"https:\/\/was-wir-denken.de\/index.php?rest_route=%2Fwp%2Fv2%2Fcomments&post=170"}],"version-history":[{"count":3,"href":"https:\/\/was-wir-denken.de\/index.php?rest_route=\/wp\/v2\/pages\/170\/revisions"}],"predecessor-version":[{"id":323,"href":"https:\/\/was-wir-denken.de\/index.php?rest_route=\/wp\/v2\/pages\/170\/revisions\/323"}],"up":[{"embeddable":true,"href":"https:\/\/was-wir-denken.de\/index.php?rest_route=\/wp\/v2\/pages\/167"}],"wp:attachment":[{"href":"https:\/\/was-wir-denken.de\/index.php?rest_route=%2Fwp%2Fv2%2Fmedia&parent=170"}],"curies":[{"name":"wp","href":"https:\/\/api.w.org\/{rel}","templated":true}]}}