{"id":167,"date":"2021-09-18T17:12:32","date_gmt":"2021-09-18T17:12:32","guid":{"rendered":"https:\/\/seo.pixelmarketing.eu\/?page_id=167"},"modified":"2021-10-13T07:39:45","modified_gmt":"2021-10-13T07:39:45","slug":"wer-ich-bin","status":"publish","type":"page","link":"https:\/\/was-wir-denken.de\/?page_id=167","title":{"rendered":"wer ich bin"},"content":{"rendered":"<div class=\"one_half_fluid\">\n<p><img loading=\"lazy\" decoding=\"async\" src=\"https:\/\/was-wir-denken.de\/wp-content\/uploads\/2021\/09\/JF2F8340-41.jpg\" alt=\"\" title=\"marina biene\" width=\"450\" height=\"481\" class=\"alignnone size-full wp-image-5242\"><\/p>\n<\/div>\n<div class=\"one_half_fluid last\">\n<p>\u00dcBER MICH<\/p>\n<p>1971 als \u00c4lteste von 5 Kindern im Ruhrgebiet geboren und ich bin viele, bin Mensch, Freundin, Lebenspartnerin, Hundemensch, Tante, Schwester, Tochter, Stiefmutter, Stieftochter, Ex-Ehefrau und ich bin politisch und oft bin ich es nicht.<br \/>\nBin Fotografin, Freiberuflerin, Studentin, Nachtmensch, Fr\u00fchaufsteherin und kann nicht gut r\u00fcckw\u00e4rts einparken. Meine Interessen am Leben und Menschen an sich, sind vielf\u00e4ltig. An mir mag ich, dass ich neugierig im Sinne von wissbegierig bin, dass ich gelegentlich an mir zweifle und Dinge hinterfrage.<br \/>\nIch liebe das Leben, lebe das Leben, mit all seinen Facetten, den H\u00f6hen und den Tiefen. Ich mag die Gegens\u00e4tze und auch das, was sich sehr gleich ist.<\/p>\n<p>An meiner Arbeit sch\u00e4tze ich, dass sie stets Fr\u00fcchte tr\u00e4gt. Jedes Gespr\u00e4ch ver\u00e4ndert &#8211; mal mehr, mal weniger, mein Gegen\u00fcber, mich und auch unsere Umwelt. Eines ist es nie: vergebens.<br \/>\nEinfache Gespr\u00e4che ver\u00e4ndern das Leben.<\/p>\n<p>Einen \u00dcberblick \u00fcber meine Aus- und Fortbildungen finden Sie&nbsp;<span style=\"color: #99cc00;\"><strong><span style=\"color: #99cc00;\"><a href=\"https:\/\/was-wir-denken.de\/?page_id=170\">hier&gt;&gt;&gt;<\/a><\/span><\/strong><\/span><\/div>\n<div class=\"clear\"><\/div>\n","protected":false},"excerpt":{"rendered":"","protected":false},"author":1,"featured_media":0,"parent":0,"menu_order":0,"comment_status":"closed","ping_status":"closed","template":"","meta":{"ngg_post_thumbnail":0,"footnotes":""},"class_list":["post-167","page","type-page","status-publish","hentry"],"_links":{"self":[{"href":"https:\/\/was-wir-denken.de\/index.php?rest_route=\/wp\/v2\/pages\/167","targetHints":{"allow":["GET"]}}],"collection":[{"href":"https:\/\/was-wir-denken.de\/index.php?rest_route=\/wp\/v2\/pages"}],"about":[{"href":"https:\/\/was-wir-denken.de\/index.php?rest_route=\/wp\/v2\/types\/page"}],"author":[{"embeddable":true,"href":"https:\/\/was-wir-denken.de\/index.php?rest_route=\/wp\/v2\/users\/1"}],"replies":[{"embeddable":true,"href":"https:\/\/was-wir-denken.de\/index.php?rest_route=%2Fwp%2Fv2%2Fcomments&post=167"}],"version-history":[{"count":1,"href":"https:\/\/was-wir-denken.de\/index.php?rest_route=\/wp\/v2\/pages\/167\/revisions"}],"predecessor-version":[{"id":255,"href":"https:\/\/was-wir-denken.de\/index.php?rest_route=\/wp\/v2\/pages\/167\/revisions\/255"}],"wp:attachment":[{"href":"https:\/\/was-wir-denken.de\/index.php?rest_route=%2Fwp%2Fv2%2Fmedia&parent=167"}],"curies":[{"name":"wp","href":"https:\/\/api.w.org\/{rel}","templated":true}]}}