{"id":153,"date":"2021-09-18T17:08:08","date_gmt":"2021-09-18T17:08:08","guid":{"rendered":"https:\/\/seo.pixelmarketing.eu\/?page_id=153"},"modified":"2023-06-29T06:43:38","modified_gmt":"2023-06-29T06:43:38","slug":"kontakt","status":"publish","type":"page","link":"https:\/\/was-wir-denken.de\/?page_id=153","title":{"rendered":"Kontakt"},"content":{"rendered":"<p>Marina Biene I was wir denken<br \/>Brackeler Hellweg 138<br \/>44309 Dortmund<\/p>\n<p><strong>Handy<\/strong><br \/>0170.4444 124<\/p>\n<p>meine Arbeitszeiten unterliegen gro\u00dfen Schwankungen.  Sollten Sie mich telefonisch nicht erreichen, rufe ich zur\u00fcck. In dringenden F\u00e4llen hinterlassen Sie bitte eine Nachricht z.B. per WhatsApp oder E-Mail. Vielen Dank.<\/p>\n<p><strong>E-Mail<\/strong><br \/>e-mail@marinabiene.de<\/p>\n","protected":false},"excerpt":{"rendered":"<p>Marina Biene I was wir denkenBrackeler Hellweg 13844309 Dortmund Handy0170.4444 124 meine Arbeitszeiten unterliegen gro\u00dfen Schwankungen. Sollten Sie mich telefonisch nicht erreichen, rufe ich zur\u00fcck. In dringenden F\u00e4llen hinterlassen Sie bitte eine Nachricht z.B. per WhatsApp oder E-Mail. Vielen Dank. E-Maile-mail@marinabiene.de<\/p>\n","protected":false},"author":1,"featured_media":0,"parent":0,"menu_order":0,"comment_status":"closed","ping_status":"closed","template":"template-contact.php","meta":{"ngg_post_thumbnail":0,"footnotes":""},"class_list":["post-153","page","type-page","status-publish","hentry"],"_links":{"self":[{"href":"https:\/\/was-wir-denken.de\/index.php?rest_route=\/wp\/v2\/pages\/153","targetHints":{"allow":["GET"]}}],"collection":[{"href":"https:\/\/was-wir-denken.de\/index.php?rest_route=\/wp\/v2\/pages"}],"about":[{"href":"https:\/\/was-wir-denken.de\/index.php?rest_route=\/wp\/v2\/types\/page"}],"author":[{"embeddable":true,"href":"https:\/\/was-wir-denken.de\/index.php?rest_route=\/wp\/v2\/users\/1"}],"replies":[{"embeddable":true,"href":"https:\/\/was-wir-denken.de\/index.php?rest_route=%2Fwp%2Fv2%2Fcomments&post=153"}],"version-history":[{"count":11,"href":"https:\/\/was-wir-denken.de\/index.php?rest_route=\/wp\/v2\/pages\/153\/revisions"}],"predecessor-version":[{"id":318,"href":"https:\/\/was-wir-denken.de\/index.php?rest_route=\/wp\/v2\/pages\/153\/revisions\/318"}],"wp:attachment":[{"href":"https:\/\/was-wir-denken.de\/index.php?rest_route=%2Fwp%2Fv2%2Fmedia&parent=153"}],"curies":[{"name":"wp","href":"https:\/\/api.w.org\/{rel}","templated":true}]}}