{"id":139,"date":"2021-09-18T17:05:09","date_gmt":"2021-09-18T17:05:09","guid":{"rendered":"https:\/\/seo.pixelmarketing.eu\/?page_id=139"},"modified":"2021-09-18T17:05:09","modified_gmt":"2021-09-18T17:05:09","slug":"hypnose","status":"publish","type":"page","link":"https:\/\/was-wir-denken.de\/?page_id=139","title":{"rendered":"Hypnose"},"content":{"rendered":"<div class=\"one_half_fluid\">\n<h3>WAS HYPNOSE IST UND WAS SIE NICHT IST.<\/h3>\n<p>Hypnose ist einerseits die gezielte Anwendung von Methoden zur Einleitung und Vertiefung von Trancezust\u00e4nden. Andererseits eine spezielle Form der Kommunikation &#8211; ein Zwiegespr\u00e4ch zwischen dem Hypnotiseur und den unbewussten emotionalen Anteilen des Klienten, ein Dialog zwischen Verstand und Gef\u00fchl.<br \/>\nHypnose ist ein wissenschaftlich anerkanntes Heilverfahren, aber kein Allheilmittel mit dem Sie Ihre Probleme &#8222;weggemacht&#8220; bekommen. Hypnose ist eine M\u00f6glichkeit durch gezielte Arbeit mit Ihrem Unbewu\u00dften sehr effektiv Ver\u00e4nderungen in Gang zu setzen.<br \/>\nHypnose ist keine Bewu\u00dftlosigkeit !<br \/>\nSie f\u00fchlen sich angenehm entspannt w\u00e4hrend einer Trance, sind sich ihrer Selbst aber immer bewusst.Sie behalten die Kontrolle und k\u00f6nnten jederzeit aus dem Trancezustand aussteigen &#8211; nur will das eigentlich niemand, da eine Hypnose durchgehend als ein angenehmer Zustand empfunden wird.<\/p>\n<p>F\u00e4lschlicherweise wird sie h\u00e4ufig mit der Show-Hynose verglichen. Diese erzielt mit einfachen Tricks oberfl\u00e4chliche Effekte, ohne R\u00fccksicht auf die W\u00fcrde des Menschen.<br \/>\nMedizinische Hypnose hingegen ist dazu geeignet, tief sitzende Muster und Gewohnheiten aufzul\u00f6sen.<\/p>\n<\/div>\n<div class=\"one_half_fluid last\">\n&nbsp;<\/p>\n<p><img loading=\"lazy\" decoding=\"async\" src=\"https:\/\/was-wir-denken.de\/wp-content\/uploads\/2021\/09\/Fotolia_41124920_M-450x2991-1.jpg\" alt=\"\" title=\"\" width=\"450\" height=\"299\" class=\"alignnone size-full wp-image-2400\" \/><br \/>\n&nbsp;<\/p>\n<p><img loading=\"lazy\" decoding=\"async\" src=\"https:\/\/was-wir-denken.de\/wp-content\/uploads\/2021\/09\/Fotolia_26339096_M-450x315-1.jpeg\" alt=\"\" title=\"\" width=\"450\" height=\"315\" class=\"alignnone size-medium wp-image-2389\" \/>\n<\/div>\n<div class=\"clear\"><\/div>\n","protected":false},"excerpt":{"rendered":"","protected":false},"author":1,"featured_media":0,"parent":0,"menu_order":0,"comment_status":"closed","ping_status":"closed","template":"","meta":{"ngg_post_thumbnail":0,"footnotes":""},"class_list":["post-139","page","type-page","status-publish","hentry"],"_links":{"self":[{"href":"https:\/\/was-wir-denken.de\/index.php?rest_route=\/wp\/v2\/pages\/139","targetHints":{"allow":["GET"]}}],"collection":[{"href":"https:\/\/was-wir-denken.de\/index.php?rest_route=\/wp\/v2\/pages"}],"about":[{"href":"https:\/\/was-wir-denken.de\/index.php?rest_route=\/wp\/v2\/types\/page"}],"author":[{"embeddable":true,"href":"https:\/\/was-wir-denken.de\/index.php?rest_route=\/wp\/v2\/users\/1"}],"replies":[{"embeddable":true,"href":"https:\/\/was-wir-denken.de\/index.php?rest_route=%2Fwp%2Fv2%2Fcomments&post=139"}],"version-history":[{"count":0,"href":"https:\/\/was-wir-denken.de\/index.php?rest_route=\/wp\/v2\/pages\/139\/revisions"}],"wp:attachment":[{"href":"https:\/\/was-wir-denken.de\/index.php?rest_route=%2Fwp%2Fv2%2Fmedia&parent=139"}],"curies":[{"name":"wp","href":"https:\/\/api.w.org\/{rel}","templated":true}]}}