{"id":129,"date":"2021-09-18T16:56:29","date_gmt":"2021-09-18T16:56:29","guid":{"rendered":"https:\/\/seo.pixelmarketing.eu\/?page_id=129"},"modified":"2021-09-18T16:56:29","modified_gmt":"2021-09-18T16:56:29","slug":"mogliche-anliegen-beratung","status":"publish","type":"page","link":"https:\/\/was-wir-denken.de\/?page_id=129","title":{"rendered":"Denkbare Anliegen \/ Beratung"},"content":{"rendered":"<div class=\"one_half_fluid\">\n<p><strong> Einzelberatung\/ m\u00f6gliche Anliegen und Probleme:<\/strong><\/p>\n<ul>\n<li>Konflikte am Arbeitsplatz, im privaten Umfeld<\/li>\n<li>der Wunsch nach pers\u00f6nlicher Entwicklung<\/li>\n<li>Ausbau und Erweiterung sozialer Kompetenzen<\/li>\n<li>Sinnfragen, Ziel- und Wertkl\u00e4rung<\/li>\n<li>Selbstwertproblematiken<\/li>\n<li>Integration abgelehnter Pers\u00f6nlichkeitsanteile<\/li>\n<li>Ver\u00e4nderungsprozesse und Umbruchsituationen<\/li>\n<li>belastende Gef\u00fchle nach Ereignissen<\/li>\n<li>Umgang mit schwerer Erkrankung<\/li>\n<li>Trauerarbeit, Losl\u00f6sungsprozesse<\/li>\n<li>Angst vorm \u00c4lterwerden und Sterben<\/li>\n<li>Sie k\u00f6nnen sich emotional nicht von erlebten Verletzungen und Entt\u00e4uschungen l\u00f6sen<\/li>\n<li>unangemessene Wutausbr\u00fcche<\/li>\n<\/ul>\n<p>&nbsp;<\/p>\n<\/div>\n<div class=\"one_half_fluid last\">\n<p>&nbsp;<\/p>\n<p><img loading=\"lazy\" decoding=\"async\" class=\"alignnone size-full wp-image-3783\" title=\"was-wir-denken.de_\" src=\"https:\/\/was-wir-denken.de\/wp-content\/uploads\/2021\/09\/was-wir-denken.de_1.jpg\" alt=\"\" width=\"450\" height=\"285\" \/><\/p>\n<p>&nbsp;<\/p>\n<\/div>\n<div class=\"clear\"><\/div><\/p>\n","protected":false},"excerpt":{"rendered":"","protected":false},"author":1,"featured_media":0,"parent":0,"menu_order":0,"comment_status":"closed","ping_status":"closed","template":"","meta":{"ngg_post_thumbnail":0,"footnotes":""},"class_list":["post-129","page","type-page","status-publish","hentry"],"_links":{"self":[{"href":"https:\/\/was-wir-denken.de\/index.php?rest_route=\/wp\/v2\/pages\/129","targetHints":{"allow":["GET"]}}],"collection":[{"href":"https:\/\/was-wir-denken.de\/index.php?rest_route=\/wp\/v2\/pages"}],"about":[{"href":"https:\/\/was-wir-denken.de\/index.php?rest_route=\/wp\/v2\/types\/page"}],"author":[{"embeddable":true,"href":"https:\/\/was-wir-denken.de\/index.php?rest_route=\/wp\/v2\/users\/1"}],"replies":[{"embeddable":true,"href":"https:\/\/was-wir-denken.de\/index.php?rest_route=%2Fwp%2Fv2%2Fcomments&post=129"}],"version-history":[{"count":0,"href":"https:\/\/was-wir-denken.de\/index.php?rest_route=\/wp\/v2\/pages\/129\/revisions"}],"wp:attachment":[{"href":"https:\/\/was-wir-denken.de\/index.php?rest_route=%2Fwp%2Fv2%2Fmedia&parent=129"}],"curies":[{"name":"wp","href":"https:\/\/api.w.org\/{rel}","templated":true}]}}