{"id":112,"date":"2021-09-18T16:24:24","date_gmt":"2021-09-18T16:24:24","guid":{"rendered":"https:\/\/seo.pixelmarketing.eu\/?page_id=112"},"modified":"2021-10-13T07:46:37","modified_gmt":"2021-10-13T07:46:37","slug":"das-paar-2","status":"publish","type":"page","link":"https:\/\/was-wir-denken.de\/?page_id=112","title":{"rendered":"Paarberatung"},"content":{"rendered":"<div class=\"one_half_fluid\">\n<h1><span style=\"color: #999999;\"><strong>PAARE<\/strong> Partner <span style=\"color: #c0c0c0;\">Paarungen<\/span> Liebe<\/span><\/h1>\n<p>Am Anfang stehen h\u00e4ufig grenzenlose Verliebtheit,<br \/>\ngemeinsame Interessen und Tr\u00e4ume. Neurobiologen meinen, dass der Zustand frisch Verliebter dem von Geisteskranken \u00e4hnelt. Oder anders: &#8222;Wenn die Liebe zur T\u00fcr hinein tritt, springt die Vernunft aus dem Fenster!&#8220;<br \/>\nDas Gef\u00fchl, dass etwas mit der Beziehung nicht mehr stimmt, kann die verschiedensten Hintergr\u00fcnde haben<br \/>\nbis hin zu Konflikten, die nur schwer l\u00f6sbar scheinen. Vieles wird hinterfragt, in Frage gestellt &#8211; der Partner, die Beziehung, man selbst, \u2026<\/p>\n<ul>\n<li>miteinander Reden ist kaum noch m\u00f6glich<\/li>\n<li>komplizierte Liebesbedingungen, Abh\u00e4ngigkeiten oder wenn Dritte st\u00f6ren<\/li>\n<li>Stress im Berufsleben<\/li>\n<li>Kinderlosigkeit oder Kinder in Pubert\u00e4t<\/li>\n<li>selbst positive Ereignisse wie die Geburt eines Kindes k\u00f6nnen die Paarbeziehung ins Straucheln bringen<\/li>\n<li>unterschiedliche Lebensentw\u00fcrfe<\/li>\n<li>Vertrauensverlust, Entfremdung oder zuviel N\u00e4he<\/li>\n<li>der Wunsch nach Ver\u00e4nderung<\/li>\n<li>mangelnde Z\u00e4rtlichkeit,&nbsp;sexuelles Desinteresse<\/li>\n<li>Verdr\u00e4ngung partnerbezogener Bed\u00fcrfnisse<\/li>\n<li>sie kann nicht kochen, er keine Gedanken lesen<\/li>\n<li>die Nachbarn, seine Freunde, ihre Mutter<\/li>\n<li>der Druck gesellschaftllicher Geschlechterrollen \u2026<\/li>\n<\/ul>\n<p>Zun\u00e4chst gilt es, einen Verst\u00e4ndigungs- und Ann\u00e4herungsproze\u00df anzusto\u00dfen, in dem Sie Ihre verschiedenen Bed\u00fcrfnisse, \u00c4ngste und Annnahmen zum Ausdruck bringen k\u00f6nnen. An dieser Stelle ist es wichtig, ehrlich zueinander zu sein.<br \/>\nWenn eine H\u00e4lfte noch nicht bereit ist oder Beratung generell ablehnt: Paarberatung ist auch mit nur einer Paarh\u00e4lfte sehr wirksam !<\/p>\n<p>Manchmal ist es f\u00fcr das Paar auch der passende Weg, sich zu trennen. Dann kommt es darauf an, die Trennung wachsam zu vollziehen und im Gespr\u00e4ch m\u00f6gliche Wege f\u00fcr den Umgang mit den Kindern, den Betroffenen selbst und gemeinsamen Verantwortungen zu bedenken, Entscheidungen festzulegen.<\/p>\n<p><span style=\"color: #808080;\"><strong><span style=\"color: #999999;\">PAARAUFSTELLUNGEN &#8211;&nbsp;SEHEN WAS IST<\/span> :<\/strong> <\/span>Zeigen sich unbewusste Verstrickungen und Verhaltensmuster, die Partner aus ihrer Biografie (Ex-Partner, Familien) mitbringen, zeigen Aufstellungen innerhalb k\u00fcrzester Zeit klare L\u00f6sungen auf. <span style=\"color: #808080;\"><a href=\"https:\/\/was-wir-denken.de\/?page_id=51\" target=\"_blank\" rel=\"noopener\"><span style=\"color: #808080;\">Familien- und Paarstellen <strong>&gt;&gt;&gt;<\/strong><\/span><\/a><\/span><br \/>\n<span style=\"color: #808080;\"> <\/div>\n<p><\/span><\/p>\n<div class=\"one_half_fluid last\">\n<p>&nbsp;<\/p>\n<p>&nbsp;<\/p>\n<p><img loading=\"lazy\" decoding=\"async\" class=\"alignnone size-full wp-image-3614\" title=\"was-wir-denken\" src=\"https:\/\/was-wir-denken.de\/wp-content\/uploads\/2021\/09\/was-wir-denken1.jpg\" alt=\"\" width=\"450\" height=\"299\"><\/p>\n<p><img loading=\"lazy\" decoding=\"async\" class=\"alignnone size-full wp-image-3615\" title=\"was-wir-denken.de\" src=\"https:\/\/was-wir-denken.de\/wp-content\/uploads\/2021\/09\/was-wir-denken3.jpg\" alt=\"\" width=\"450\" height=\"269\"><\/p>\n<p><img loading=\"lazy\" decoding=\"async\" class=\"alignnone size-full wp-image-3618\" title=\"was-wir-denken\" src=\"https:\/\/was-wir-denken.de\/wp-content\/uploads\/2021\/09\/was-wir-denken2.jpg\" alt=\"\" width=\"450\" height=\"300\"><\/p>\n<p>&nbsp;<\/p>\n<p><strong>\u201eDie Liebe \u00fcberwindet den Tod,&nbsp;aber es kommt vor, dass eine kleine \u00fcble Gewohnheit<br \/>\ndie Liebe \u00fcberwindet.&#8220;<\/strong> <em>Marie von Ebner-Eschenbach<\/em>\n<\/div>\n<div class=\"clear\"><\/div>\n","protected":false},"excerpt":{"rendered":"","protected":false},"author":1,"featured_media":0,"parent":64,"menu_order":0,"comment_status":"closed","ping_status":"closed","template":"","meta":{"ngg_post_thumbnail":0,"footnotes":""},"class_list":["post-112","page","type-page","status-publish","hentry"],"_links":{"self":[{"href":"https:\/\/was-wir-denken.de\/index.php?rest_route=\/wp\/v2\/pages\/112","targetHints":{"allow":["GET"]}}],"collection":[{"href":"https:\/\/was-wir-denken.de\/index.php?rest_route=\/wp\/v2\/pages"}],"about":[{"href":"https:\/\/was-wir-denken.de\/index.php?rest_route=\/wp\/v2\/types\/page"}],"author":[{"embeddable":true,"href":"https:\/\/was-wir-denken.de\/index.php?rest_route=\/wp\/v2\/users\/1"}],"replies":[{"embeddable":true,"href":"https:\/\/was-wir-denken.de\/index.php?rest_route=%2Fwp%2Fv2%2Fcomments&post=112"}],"version-history":[{"count":2,"href":"https:\/\/was-wir-denken.de\/index.php?rest_route=\/wp\/v2\/pages\/112\/revisions"}],"predecessor-version":[{"id":259,"href":"https:\/\/was-wir-denken.de\/index.php?rest_route=\/wp\/v2\/pages\/112\/revisions\/259"}],"up":[{"embeddable":true,"href":"https:\/\/was-wir-denken.de\/index.php?rest_route=\/wp\/v2\/pages\/64"}],"wp:attachment":[{"href":"https:\/\/was-wir-denken.de\/index.php?rest_route=%2Fwp%2Fv2%2Fmedia&parent=112"}],"curies":[{"name":"wp","href":"https:\/\/api.w.org\/{rel}","templated":true}]}}